{"id":7986,"date":"2019-02-11T11:58:36","date_gmt":"2019-02-11T10:58:36","guid":{"rendered":"https:\/\/clinicajaimeicatarroja.com\/blog\/?page_id=7986"},"modified":"2025-11-13T09:38:10","modified_gmt":"2025-11-13T08:38:10","slug":"seguros-de-salud","status":"publish","type":"page","link":"https:\/\/clinicajaimeicatarroja.com\/blog\/seguros-de-salud","title":{"rendered":"Seguros de Salud"},"content":{"rendered":"<p style=\"text-align: center;\"><strong>COMPA\u00d1IAS DE SEGUROS CON LAS QUE TRABAJAMOS<\/strong><\/p>\n<table style=\"width: 100%; border-collapse: collapse;\" border=\"0\">\n<tbody>\n<tr>\n<td style=\"width: 20%; text-align: center;\"><a href=\"https:\/\/www.aegon.es\/\" target=\"_blank\" rel=\"noopener\"><img decoding=\"async\" class=\"aligncenter size-full wp-image-6461\" src=\"https:\/\/clinicajaimeicatarroja.com\/blog\/wp-content\/uploads\/2018\/01\/aegon-clinica-jaime-i.jpg\" alt=\"\" width=\"992\" height=\"454\" title=\"\" srcset=\"https:\/\/clinicajaimeicatarroja.com\/blog\/wp-content\/uploads\/2018\/01\/aegon-clinica-jaime-i.jpg 992w, https:\/\/clinicajaimeicatarroja.com\/blog\/wp-content\/uploads\/2018\/01\/aegon-clinica-jaime-i-300x137.jpg 300w, https:\/\/clinicajaimeicatarroja.com\/blog\/wp-content\/uploads\/2018\/01\/aegon-clinica-jaime-i-768x351.jpg 768w\" sizes=\"(max-width: 992px) 100vw, 992px\" \/><\/a><\/td>\n<td style=\"width: 20%; text-align: center;\"><a href=\"https:\/\/www.agrupacio.es\/\" target=\"_blank\" rel=\"noopener\"><img decoding=\"async\" class=\"aligncenter size-full wp-image-6462\" src=\"https:\/\/clinicajaimeicatarroja.com\/blog\/wp-content\/uploads\/2018\/01\/agrupacio-mutues-clinica-jaime-i.jpg\" alt=\"\" width=\"992\" height=\"454\" title=\"\" srcset=\"https:\/\/clinicajaimeicatarroja.com\/blog\/wp-content\/uploads\/2018\/01\/agrupacio-mutues-clinica-jaime-i.jpg 992w, https:\/\/clinicajaimeicatarroja.com\/blog\/wp-content\/uploads\/2018\/01\/agrupacio-mutues-clinica-jaime-i-300x137.jpg 300w, https:\/\/clinicajaimeicatarroja.com\/blog\/wp-content\/uploads\/2018\/01\/agrupacio-mutues-clinica-jaime-i-768x351.jpg 768w\" sizes=\"(max-width: 992px) 100vw, 992px\" \/><\/a><\/td>\n<td style=\"width: 20%; text-align: center;\"><a href=\"https:\/\/www.allianz.es\/\" target=\"_blank\" rel=\"noopener\"><img decoding=\"async\" class=\"aligncenter size-full wp-image-6463\" src=\"https:\/\/clinicajaimeicatarroja.com\/blog\/wp-content\/uploads\/2018\/01\/allianz-clinica-jaime-i.jpg\" alt=\"\" width=\"992\" height=\"454\" title=\"\" srcset=\"https:\/\/clinicajaimeicatarroja.com\/blog\/wp-content\/uploads\/2018\/01\/allianz-clinica-jaime-i.jpg 992w, https:\/\/clinicajaimeicatarroja.com\/blog\/wp-content\/uploads\/2018\/01\/allianz-clinica-jaime-i-300x137.jpg 300w, https:\/\/clinicajaimeicatarroja.com\/blog\/wp-content\/uploads\/2018\/01\/allianz-clinica-jaime-i-768x351.jpg 768w\" sizes=\"(max-width: 992px) 100vw, 992px\" \/><\/a><\/td>\n<td style=\"width: 20%; text-align: center;\"><a href=\"http:\/\/www.salus-seguros.com\/\" target=\"_blank\" rel=\"noopener\"><img decoding=\"async\" class=\"aligncenter size-full wp-image-7988\" src=\"https:\/\/clinicajaimeicatarroja.com\/blog\/wp-content\/uploads\/2019\/02\/SALUS.jpg\" alt=\"\" width=\"300\" height=\"100\" title=\"\"><\/a><\/td>\n<td style=\"width: 20%; text-align: center;\"><a href=\"https:\/\/www.antares.es\/\" target=\"_blank\" rel=\"noopener\"><img decoding=\"async\" class=\"aligncenter size-full wp-image-6465\" src=\"https:\/\/clinicajaimeicatarroja.com\/blog\/wp-content\/uploads\/2018\/01\/antares-clinica-jaime-i.jpg\" alt=\"\" width=\"992\" height=\"454\" title=\"\" srcset=\"https:\/\/clinicajaimeicatarroja.com\/blog\/wp-content\/uploads\/2018\/01\/antares-clinica-jaime-i.jpg 992w, https:\/\/clinicajaimeicatarroja.com\/blog\/wp-content\/uploads\/2018\/01\/antares-clinica-jaime-i-300x137.jpg 300w, https:\/\/clinicajaimeicatarroja.com\/blog\/wp-content\/uploads\/2018\/01\/antares-clinica-jaime-i-768x351.jpg 768w\" sizes=\"(max-width: 992px) 100vw, 992px\" \/><\/a><\/td>\n<\/tr>\n<tr>\n<td style=\"width: 20%; text-align: center;\"><a href=\"http:\/\/www.avantsalud.es\/\" target=\"_blank\" rel=\"noopener\"><img decoding=\"async\" class=\"aligncenter size-full wp-image-6466\" src=\"https:\/\/clinicajaimeicatarroja.com\/blog\/wp-content\/uploads\/2018\/01\/avant-salud-clinica-jaime-i.jpg\" alt=\"\" width=\"992\" height=\"454\" title=\"\" srcset=\"https:\/\/clinicajaimeicatarroja.com\/blog\/wp-content\/uploads\/2018\/01\/avant-salud-clinica-jaime-i.jpg 992w, https:\/\/clinicajaimeicatarroja.com\/blog\/wp-content\/uploads\/2018\/01\/avant-salud-clinica-jaime-i-300x137.jpg 300w, https:\/\/clinicajaimeicatarroja.com\/blog\/wp-content\/uploads\/2018\/01\/avant-salud-clinica-jaime-i-768x351.jpg 768w\" sizes=\"(max-width: 992px) 100vw, 992px\" \/><\/a><\/td>\n<td style=\"width: 20%; text-align: center;\"><a href=\"https:\/\/www.axa.es\/\" target=\"_blank\" rel=\"noopener\"><img decoding=\"async\" class=\"aligncenter size-full wp-image-6467\" src=\"https:\/\/clinicajaimeicatarroja.com\/blog\/wp-content\/uploads\/2018\/01\/axa-clinica-jaime-i.jpg\" alt=\"\" width=\"992\" height=\"454\" title=\"\" srcset=\"https:\/\/clinicajaimeicatarroja.com\/blog\/wp-content\/uploads\/2018\/01\/axa-clinica-jaime-i.jpg 992w, https:\/\/clinicajaimeicatarroja.com\/blog\/wp-content\/uploads\/2018\/01\/axa-clinica-jaime-i-300x137.jpg 300w, https:\/\/clinicajaimeicatarroja.com\/blog\/wp-content\/uploads\/2018\/01\/axa-clinica-jaime-i-768x351.jpg 768w\" sizes=\"(max-width: 992px) 100vw, 992px\" \/><\/a><\/td>\n<td style=\"width: 20%; text-align: center;\"><a href=\"https:\/\/www.caser.es\/\" target=\"_blank\" rel=\"noopener\"><img decoding=\"async\" class=\"aligncenter size-full wp-image-6468\" src=\"https:\/\/clinicajaimeicatarroja.com\/blog\/wp-content\/uploads\/2018\/01\/caser-seguros-clinica-jaime-i.jpg\" alt=\"\" width=\"992\" height=\"454\" title=\"\" srcset=\"https:\/\/clinicajaimeicatarroja.com\/blog\/wp-content\/uploads\/2018\/01\/caser-seguros-clinica-jaime-i.jpg 992w, https:\/\/clinicajaimeicatarroja.com\/blog\/wp-content\/uploads\/2018\/01\/caser-seguros-clinica-jaime-i-300x137.jpg 300w, https:\/\/clinicajaimeicatarroja.com\/blog\/wp-content\/uploads\/2018\/01\/caser-seguros-clinica-jaime-i-768x351.jpg 768w\" sizes=\"(max-width: 992px) 100vw, 992px\" \/><\/a><\/td>\n<td style=\"width: 20%; text-align: center;\"><a href=\"https:\/\/www.cignasalud.es\/\" target=\"_blank\" rel=\"noopener\"><img decoding=\"async\" class=\"aligncenter size-full wp-image-6470\" src=\"https:\/\/clinicajaimeicatarroja.com\/blog\/wp-content\/uploads\/2018\/01\/cigna-clinica-jaime-i.jpg\" alt=\"\" width=\"992\" height=\"454\" title=\"\" srcset=\"https:\/\/clinicajaimeicatarroja.com\/blog\/wp-content\/uploads\/2018\/01\/cigna-clinica-jaime-i.jpg 992w, https:\/\/clinicajaimeicatarroja.com\/blog\/wp-content\/uploads\/2018\/01\/cigna-clinica-jaime-i-300x137.jpg 300w, https:\/\/clinicajaimeicatarroja.com\/blog\/wp-content\/uploads\/2018\/01\/cigna-clinica-jaime-i-768x351.jpg 768w\" sizes=\"(max-width: 992px) 100vw, 992px\" \/><\/a><\/td>\n<td style=\"width: 20%; text-align: center;\"><a href=\"https:\/\/dkvseguros.com\/\" target=\"_blank\" rel=\"noopener\"><img decoding=\"async\" class=\"aligncenter size-full wp-image-6508\" src=\"https:\/\/clinicajaimeicatarroja.com\/blog\/wp-content\/uploads\/2018\/01\/dkv-seguros-muface-mugeju.jpg\" alt=\"\" width=\"471\" height=\"187\" title=\"\" srcset=\"https:\/\/clinicajaimeicatarroja.com\/blog\/wp-content\/uploads\/2018\/01\/dkv-seguros-muface-mugeju.jpg 471w, https:\/\/clinicajaimeicatarroja.com\/blog\/wp-content\/uploads\/2018\/01\/dkv-seguros-muface-mugeju-300x119.jpg 300w, https:\/\/clinicajaimeicatarroja.com\/blog\/wp-content\/uploads\/2018\/01\/dkv-seguros-muface-mugeju-470x187.jpg 470w\" sizes=\"(max-width: 471px) 100vw, 471px\" \/><\/a><\/td>\n<\/tr>\n<tr>\n<td style=\"width: 20%; text-align: center;\"><a href=\"https:\/\/www.plusultra.es\/esp\/particulares\" target=\"_blank\" rel=\"noopener\"><img decoding=\"async\" class=\"aligncenter size-full wp-image-6485\" src=\"https:\/\/clinicajaimeicatarroja.com\/blog\/wp-content\/uploads\/2018\/01\/plus-ultra-seguros-clinica-jaime-i.jpg\" alt=\"\" width=\"992\" height=\"454\" title=\"\" srcset=\"https:\/\/clinicajaimeicatarroja.com\/blog\/wp-content\/uploads\/2018\/01\/plus-ultra-seguros-clinica-jaime-i.jpg 992w, https:\/\/clinicajaimeicatarroja.com\/blog\/wp-content\/uploads\/2018\/01\/plus-ultra-seguros-clinica-jaime-i-300x137.jpg 300w, https:\/\/clinicajaimeicatarroja.com\/blog\/wp-content\/uploads\/2018\/01\/plus-ultra-seguros-clinica-jaime-i-768x351.jpg 768w\" sizes=\"(max-width: 992px) 100vw, 992px\" \/><\/a><\/td>\n<td style=\"width: 20%; text-align: center;\"><a href=\"https:\/\/www.seguroscatalanaoccidente.com\/esp\/particulares\" target=\"_blank\" rel=\"noopener\"><img decoding=\"async\" class=\"aligncenter size-full wp-image-6469\" src=\"https:\/\/clinicajaimeicatarroja.com\/blog\/wp-content\/uploads\/2018\/01\/catalana-occidente-seguros-clinica-jaime-i.jpg\" alt=\"\" width=\"992\" height=\"454\" title=\"\" srcset=\"https:\/\/clinicajaimeicatarroja.com\/blog\/wp-content\/uploads\/2018\/01\/catalana-occidente-seguros-clinica-jaime-i.jpg 992w, https:\/\/clinicajaimeicatarroja.com\/blog\/wp-content\/uploads\/2018\/01\/catalana-occidente-seguros-clinica-jaime-i-300x137.jpg 300w, https:\/\/clinicajaimeicatarroja.com\/blog\/wp-content\/uploads\/2018\/01\/catalana-occidente-seguros-clinica-jaime-i-768x351.jpg 768w\" sizes=\"(max-width: 992px) 100vw, 992px\" \/><\/a><\/td>\n<td style=\"width: 20%; text-align: center;\"><a href=\"https:\/\/www.segurosbilbao.com\/esp\/particulares\" target=\"_blank\" rel=\"noopener\"><img decoding=\"async\" class=\"aligncenter size-full wp-image-6488\" src=\"https:\/\/clinicajaimeicatarroja.com\/blog\/wp-content\/uploads\/2018\/01\/seguros-bilbao-clinica-jaime-i.jpg\" alt=\"\" width=\"992\" height=\"454\" title=\"\" srcset=\"https:\/\/clinicajaimeicatarroja.com\/blog\/wp-content\/uploads\/2018\/01\/seguros-bilbao-clinica-jaime-i.jpg 992w, https:\/\/clinicajaimeicatarroja.com\/blog\/wp-content\/uploads\/2018\/01\/seguros-bilbao-clinica-jaime-i-300x137.jpg 300w, https:\/\/clinicajaimeicatarroja.com\/blog\/wp-content\/uploads\/2018\/01\/seguros-bilbao-clinica-jaime-i-768x351.jpg 768w\" sizes=\"(max-width: 992px) 100vw, 992px\" \/><\/a><\/td>\n<td style=\"width: 20%; text-align: center;\"><a href=\"http:\/\/www.cosalud.es\/\" target=\"_blank\" rel=\"noopener\"><img decoding=\"async\" class=\"aligncenter size-full wp-image-6471\" src=\"https:\/\/clinicajaimeicatarroja.com\/blog\/wp-content\/uploads\/2018\/01\/cosalud-segusos-clinica-jaime-i.jpg\" alt=\"\" width=\"992\" height=\"454\" title=\"\" srcset=\"https:\/\/clinicajaimeicatarroja.com\/blog\/wp-content\/uploads\/2018\/01\/cosalud-segusos-clinica-jaime-i.jpg 992w, https:\/\/clinicajaimeicatarroja.com\/blog\/wp-content\/uploads\/2018\/01\/cosalud-segusos-clinica-jaime-i-300x137.jpg 300w, https:\/\/clinicajaimeicatarroja.com\/blog\/wp-content\/uploads\/2018\/01\/cosalud-segusos-clinica-jaime-i-768x351.jpg 768w\" sizes=\"(max-width: 992px) 100vw, 992px\" \/><\/a><\/td>\n<td style=\"width: 20%; text-align: center;\"><a href=\"https:\/\/divinapastora.com\/\" target=\"_blank\" rel=\"noopener\"><img decoding=\"async\" class=\"aligncenter  wp-image-11092\" src=\"https:\/\/clinicajaimeicatarroja.com\/blog\/wp-content\/uploads\/2021\/01\/divina.pastora.png\" alt=\"\" width=\"108\" height=\"41\" title=\"\"><\/a><\/td>\n<\/tr>\n<tr>\n<td style=\"width: 20%; text-align: center;\"><a href=\"http:\/\/www.europ-assistance.es\/\" target=\"_blank\" rel=\"noopener\"><img decoding=\"async\" class=\"aligncenter size-full wp-image-6474\" src=\"https:\/\/clinicajaimeicatarroja.com\/blog\/wp-content\/uploads\/2018\/01\/europ-asistance-clinica-jaime-i.jpg\" alt=\"\" width=\"992\" height=\"454\" title=\"\" srcset=\"https:\/\/clinicajaimeicatarroja.com\/blog\/wp-content\/uploads\/2018\/01\/europ-asistance-clinica-jaime-i.jpg 992w, https:\/\/clinicajaimeicatarroja.com\/blog\/wp-content\/uploads\/2018\/01\/europ-asistance-clinica-jaime-i-300x137.jpg 300w, https:\/\/clinicajaimeicatarroja.com\/blog\/wp-content\/uploads\/2018\/01\/europ-asistance-clinica-jaime-i-768x351.jpg 768w\" sizes=\"(max-width: 992px) 100vw, 992px\" \/><\/a><\/td>\n<td style=\"width: 20%; text-align: center;\"><a href=\"https:\/\/www.fiatc.es\/\" target=\"_blank\" rel=\"noopener\"><img decoding=\"async\" class=\"aligncenter size-full wp-image-6475\" src=\"https:\/\/clinicajaimeicatarroja.com\/blog\/wp-content\/uploads\/2018\/01\/fiat-mf-clinica-jaime-i.jpg\" alt=\"\" width=\"992\" height=\"454\" title=\"\" srcset=\"https:\/\/clinicajaimeicatarroja.com\/blog\/wp-content\/uploads\/2018\/01\/fiat-mf-clinica-jaime-i.jpg 992w, https:\/\/clinicajaimeicatarroja.com\/blog\/wp-content\/uploads\/2018\/01\/fiat-mf-clinica-jaime-i-300x137.jpg 300w, https:\/\/clinicajaimeicatarroja.com\/blog\/wp-content\/uploads\/2018\/01\/fiat-mf-clinica-jaime-i-768x351.jpg 768w\" sizes=\"(max-width: 992px) 100vw, 992px\" \/><\/a><\/td>\n<td style=\"width: 20%; text-align: center;\"><a href=\"https:\/\/www.generali.es\/\" target=\"_blank\" rel=\"noopener\"><img decoding=\"async\" class=\"aligncenter size-full wp-image-6476\" src=\"https:\/\/clinicajaimeicatarroja.com\/blog\/wp-content\/uploads\/2018\/01\/generali-seguros-clinica-jaime-i.jpg\" alt=\"\" width=\"992\" height=\"454\" title=\"\" srcset=\"https:\/\/clinicajaimeicatarroja.com\/blog\/wp-content\/uploads\/2018\/01\/generali-seguros-clinica-jaime-i.jpg 992w, https:\/\/clinicajaimeicatarroja.com\/blog\/wp-content\/uploads\/2018\/01\/generali-seguros-clinica-jaime-i-300x137.jpg 300w, https:\/\/clinicajaimeicatarroja.com\/blog\/wp-content\/uploads\/2018\/01\/generali-seguros-clinica-jaime-i-768x351.jpg 768w\" sizes=\"(max-width: 992px) 100vw, 992px\" \/><\/a><\/td>\n<td style=\"width: 20%; text-align: center;\"><a href=\"https:\/\/www.helvetia.es\/\" target=\"_blank\" rel=\"noopener\"><img decoding=\"async\" class=\"aligncenter size-full wp-image-6477\" src=\"https:\/\/clinicajaimeicatarroja.com\/blog\/wp-content\/uploads\/2018\/01\/helvetia-clinica-jaimei.jpg\" alt=\"\" width=\"992\" height=\"454\" title=\"\" srcset=\"https:\/\/clinicajaimeicatarroja.com\/blog\/wp-content\/uploads\/2018\/01\/helvetia-clinica-jaimei.jpg 992w, https:\/\/clinicajaimeicatarroja.com\/blog\/wp-content\/uploads\/2018\/01\/helvetia-clinica-jaimei-300x137.jpg 300w, https:\/\/clinicajaimeicatarroja.com\/blog\/wp-content\/uploads\/2018\/01\/helvetia-clinica-jaimei-768x351.jpg 768w\" sizes=\"(max-width: 992px) 100vw, 992px\" \/><\/a><\/td>\n<td style=\"width: 20%; text-align: center;\"><a href=\"https:\/\/www.hna.es\/\" target=\"_blank\" rel=\"noopener\"><img decoding=\"async\" class=\"aligncenter size-full wp-image-6478\" src=\"https:\/\/clinicajaimeicatarroja.com\/blog\/wp-content\/uploads\/2018\/01\/hna-clinica-jaime-i.jpg\" alt=\"\" width=\"992\" height=\"454\" title=\"\" srcset=\"https:\/\/clinicajaimeicatarroja.com\/blog\/wp-content\/uploads\/2018\/01\/hna-clinica-jaime-i.jpg 992w, https:\/\/clinicajaimeicatarroja.com\/blog\/wp-content\/uploads\/2018\/01\/hna-clinica-jaime-i-300x137.jpg 300w, https:\/\/clinicajaimeicatarroja.com\/blog\/wp-content\/uploads\/2018\/01\/hna-clinica-jaime-i-768x351.jpg 768w\" sizes=\"(max-width: 992px) 100vw, 992px\" \/><\/a><\/td>\n<\/tr>\n<tr>\n<td style=\"width: 20%; text-align: center;\"><a href=\"https:\/\/www.mapfre.es\/seguros\/particulares\/\" target=\"_blank\" rel=\"noopener\"><img decoding=\"async\" class=\"aligncenter size-full wp-image-6479\" src=\"https:\/\/clinicajaimeicatarroja.com\/blog\/wp-content\/uploads\/2018\/01\/mapfre-clinica-jaime-i.jpg\" alt=\"\" width=\"992\" height=\"454\" title=\"\" srcset=\"https:\/\/clinicajaimeicatarroja.com\/blog\/wp-content\/uploads\/2018\/01\/mapfre-clinica-jaime-i.jpg 992w, https:\/\/clinicajaimeicatarroja.com\/blog\/wp-content\/uploads\/2018\/01\/mapfre-clinica-jaime-i-300x137.jpg 300w, https:\/\/clinicajaimeicatarroja.com\/blog\/wp-content\/uploads\/2018\/01\/mapfre-clinica-jaime-i-768x351.jpg 768w\" sizes=\"(max-width: 992px) 100vw, 992px\" \/><\/a><\/td>\n<td style=\"width: 20%; text-align: center;\"><a href=\"https:\/\/www.fiatc.es\/seguros-salud-medifiatc\" target=\"_blank\" rel=\"noopener\"><img decoding=\"async\" class=\"aligncenter size-full wp-image-6480\" src=\"https:\/\/clinicajaimeicatarroja.com\/blog\/wp-content\/uploads\/2018\/01\/medifiatc-clinica-jaime-i.jpg\" alt=\"\" width=\"992\" height=\"454\" title=\"\" srcset=\"https:\/\/clinicajaimeicatarroja.com\/blog\/wp-content\/uploads\/2018\/01\/medifiatc-clinica-jaime-i.jpg 992w, https:\/\/clinicajaimeicatarroja.com\/blog\/wp-content\/uploads\/2018\/01\/medifiatc-clinica-jaime-i-300x137.jpg 300w, https:\/\/clinicajaimeicatarroja.com\/blog\/wp-content\/uploads\/2018\/01\/medifiatc-clinica-jaime-i-768x351.jpg 768w\" sizes=\"(max-width: 992px) 100vw, 992px\" \/><\/a><\/td>\n<td style=\"width: 20%; text-align: center;\"><a href=\"https:\/\/www.mgs.es\/wps\/\" target=\"_blank\" rel=\"noopener\"><img decoding=\"async\" class=\"aligncenter size-full wp-image-6481\" src=\"https:\/\/clinicajaimeicatarroja.com\/blog\/wp-content\/uploads\/2018\/01\/mgs-seguros-clinica-jaime-i.jpg\" alt=\"\" width=\"992\" height=\"454\" title=\"\" srcset=\"https:\/\/clinicajaimeicatarroja.com\/blog\/wp-content\/uploads\/2018\/01\/mgs-seguros-clinica-jaime-i.jpg 992w, https:\/\/clinicajaimeicatarroja.com\/blog\/wp-content\/uploads\/2018\/01\/mgs-seguros-clinica-jaime-i-300x137.jpg 300w, https:\/\/clinicajaimeicatarroja.com\/blog\/wp-content\/uploads\/2018\/01\/mgs-seguros-clinica-jaime-i-768x351.jpg 768w\" sizes=\"(max-width: 992px) 100vw, 992px\" \/><\/a><\/td>\n<td style=\"width: 20%; text-align: center;\"><img decoding=\"async\" class=\"aligncenter size-full wp-image-6482\" src=\"https:\/\/clinicajaimeicatarroja.com\/blog\/wp-content\/uploads\/2018\/01\/mondial-assistance-linica-jaime.jpg\" alt=\"\" width=\"992\" height=\"454\" title=\"\" srcset=\"https:\/\/clinicajaimeicatarroja.com\/blog\/wp-content\/uploads\/2018\/01\/mondial-assistance-linica-jaime.jpg 992w, https:\/\/clinicajaimeicatarroja.com\/blog\/wp-content\/uploads\/2018\/01\/mondial-assistance-linica-jaime-300x137.jpg 300w, https:\/\/clinicajaimeicatarroja.com\/blog\/wp-content\/uploads\/2018\/01\/mondial-assistance-linica-jaime-768x351.jpg 768w\" sizes=\"(max-width: 992px) 100vw, 992px\" \/><\/td>\n<td style=\"width: 20%; text-align: center;\"><a href=\"http:\/\/www.murimar.com\/\" target=\"_blank\" rel=\"noopener\"><img decoding=\"async\" class=\"aligncenter size-full wp-image-6483\" src=\"https:\/\/clinicajaimeicatarroja.com\/blog\/wp-content\/uploads\/2018\/01\/murimar-seguros-clinica-jaime-i.jpg\" alt=\"\" width=\"992\" height=\"454\" title=\"\" srcset=\"https:\/\/clinicajaimeicatarroja.com\/blog\/wp-content\/uploads\/2018\/01\/murimar-seguros-clinica-jaime-i.jpg 992w, https:\/\/clinicajaimeicatarroja.com\/blog\/wp-content\/uploads\/2018\/01\/murimar-seguros-clinica-jaime-i-300x137.jpg 300w, https:\/\/clinicajaimeicatarroja.com\/blog\/wp-content\/uploads\/2018\/01\/murimar-seguros-clinica-jaime-i-768x351.jpg 768w\" sizes=\"(max-width: 992px) 100vw, 992px\" \/><\/a><\/td>\n<\/tr>\n<tr>\n<td style=\"width: 20%; text-align: center;\"><a href=\"https:\/\/www.scdirecto.com\/\" target=\"_blank\" rel=\"noopener\"><img decoding=\"async\" class=\"aligncenter size-full wp-image-8005\" src=\"https:\/\/clinicajaimeicatarroja.com\/blog\/wp-content\/uploads\/2019\/02\/hna-sc-clinica-jaime-i.jpg\" alt=\"\" width=\"120\" height=\"116\" title=\"\"><\/a><\/td>\n<td style=\"width: 20%; text-align: center;\"><a href=\"https:\/\/www.saludonnet.com\/\" target=\"_blank\" rel=\"noopener\"><img decoding=\"async\" class=\"aligncenter size-full wp-image-6486\" src=\"https:\/\/clinicajaimeicatarroja.com\/blog\/wp-content\/uploads\/2018\/01\/salud-on-net-clinica-jaime-i.jpg\" alt=\"\" width=\"992\" height=\"454\" title=\"\" srcset=\"https:\/\/clinicajaimeicatarroja.com\/blog\/wp-content\/uploads\/2018\/01\/salud-on-net-clinica-jaime-i.jpg 992w, https:\/\/clinicajaimeicatarroja.com\/blog\/wp-content\/uploads\/2018\/01\/salud-on-net-clinica-jaime-i-300x137.jpg 300w, https:\/\/clinicajaimeicatarroja.com\/blog\/wp-content\/uploads\/2018\/01\/salud-on-net-clinica-jaime-i-768x351.jpg 768w\" sizes=\"(max-width: 992px) 100vw, 992px\" \/><\/a><\/td>\n<td style=\"width: 20%; text-align: center;\"><a href=\"http:\/\/www.segurosatocha.com\/\" target=\"_blank\" rel=\"noopener\"><img decoding=\"async\" class=\"aligncenter size-full wp-image-6487\" src=\"https:\/\/clinicajaimeicatarroja.com\/blog\/wp-content\/uploads\/2018\/01\/seguros-atocha-clinica-jaime-i.jpg\" alt=\"\" width=\"992\" height=\"454\" title=\"\" srcset=\"https:\/\/clinicajaimeicatarroja.com\/blog\/wp-content\/uploads\/2018\/01\/seguros-atocha-clinica-jaime-i.jpg 992w, https:\/\/clinicajaimeicatarroja.com\/blog\/wp-content\/uploads\/2018\/01\/seguros-atocha-clinica-jaime-i-300x137.jpg 300w, https:\/\/clinicajaimeicatarroja.com\/blog\/wp-content\/uploads\/2018\/01\/seguros-atocha-clinica-jaime-i-768x351.jpg 768w\" sizes=\"(max-width: 992px) 100vw, 992px\" \/><\/a><\/td>\n<td style=\"width: 20%; text-align: center;\"><a href=\"http:\/\/seguros.vivaz.com\/\" target=\"_blank\" rel=\"noopener\"><img decoding=\"async\" class=\"aligncenter size-full wp-image-6489\" src=\"https:\/\/clinicajaimeicatarroja.com\/blog\/wp-content\/uploads\/2018\/01\/vivaz-clinica-jaime-i.jpg\" alt=\"\" width=\"992\" height=\"454\" title=\"\" srcset=\"https:\/\/clinicajaimeicatarroja.com\/blog\/wp-content\/uploads\/2018\/01\/vivaz-clinica-jaime-i.jpg 992w, https:\/\/clinicajaimeicatarroja.com\/blog\/wp-content\/uploads\/2018\/01\/vivaz-clinica-jaime-i-300x137.jpg 300w, https:\/\/clinicajaimeicatarroja.com\/blog\/wp-content\/uploads\/2018\/01\/vivaz-clinica-jaime-i-768x351.jpg 768w\" sizes=\"(max-width: 992px) 100vw, 992px\" \/><\/a><\/td>\n<td style=\"width: 20%; text-align: center;\"><a href=\"https:\/\/www.verisalud.com\/\" target=\"_blank\" rel=\"noopener\"><img decoding=\"async\" class=\"size-full wp-image-8475 aligncenter\" src=\"https:\/\/clinicajaimeicatarroja.com\/blog\/wp-content\/uploads\/2019\/05\/verisalud.catarroja.jpg\" alt=\"verisalud clinica jaimei catarroja\" width=\"166\" height=\"37\" title=\"\"><\/a><\/td>\n<\/tr>\n<\/tbody>\n<\/table>\n\n\n<div class=\"wp-block-group\"><div class=\"wp-block-group__inner-container is-layout-flow wp-block-group-is-layout-flow\"><\/div><\/div>\n\n\n\n<p><strong>*<\/strong>Ofrecemos atenci\u00f3n a pacientes funcionarios p\u00fablicos de Muface y Mugeju a trav\u00e9s de DKV Seguros M\u00e9dicos. (<strong>Desde 2025 DKV ya no da cobertura<\/strong>)<\/p>\n","protected":false},"excerpt":{"rendered":"<p>COMPA\u00d1IAS DE SEGUROS CON LAS QUE TRABAJAMOS *Ofrecemos atenci\u00f3n a pacientes funcionarios p\u00fablicos de Muface y Mugeju a trav\u00e9s de DKV Seguros M\u00e9dicos. (Desde 2025 DKV ya no da cobertura)<\/p>\n","protected":false},"author":1,"featured_media":0,"parent":0,"menu_order":0,"comment_status":"closed","ping_status":"closed","template":"","meta":{"footnotes":""},"class_list":["post-7986","page","type-page","status-publish","hentry"],"_links":{"self":[{"href":"https:\/\/clinicajaimeicatarroja.com\/blog\/wp-json\/wp\/v2\/pages\/7986","targetHints":{"allow":["GET"]}}],"collection":[{"href":"https:\/\/clinicajaimeicatarroja.com\/blog\/wp-json\/wp\/v2\/pages"}],"about":[{"href":"https:\/\/clinicajaimeicatarroja.com\/blog\/wp-json\/wp\/v2\/types\/page"}],"author":[{"embeddable":true,"href":"https:\/\/clinicajaimeicatarroja.com\/blog\/wp-json\/wp\/v2\/users\/1"}],"replies":[{"embeddable":true,"href":"https:\/\/clinicajaimeicatarroja.com\/blog\/wp-json\/wp\/v2\/comments?post=7986"}],"version-history":[{"count":1,"href":"https:\/\/clinicajaimeicatarroja.com\/blog\/wp-json\/wp\/v2\/pages\/7986\/revisions"}],"predecessor-version":[{"id":21467,"href":"https:\/\/clinicajaimeicatarroja.com\/blog\/wp-json\/wp\/v2\/pages\/7986\/revisions\/21467"}],"wp:attachment":[{"href":"https:\/\/clinicajaimeicatarroja.com\/blog\/wp-json\/wp\/v2\/media?parent=7986"}],"curies":[{"name":"wp","href":"https:\/\/api.w.org\/{rel}","templated":true}]}}